{"id":4543,"date":"2015-01-13T10:03:06","date_gmt":"2015-01-13T10:03:06","guid":{"rendered":"http:\/\/fietsenkanoverhuur.nl\/dev\/?page_id=4543"},"modified":"2026-02-27T10:53:39","modified_gmt":"2026-02-27T10:53:39","slug":"fahrradverleih","status":"publish","type":"page","link":"https:\/\/fietsenkanoverhuur.nl\/de\/fahrradverleih\/","title":{"rendered":"Fahrrad und Gruppenfahrradverleih"},"content":{"rendered":"<p><span style=\"color: #008000; font-family: georgia, palatino, serif;\"><strong>Fahrradverleih<\/strong><\/span><\/p>\n<p><span style=\"color: #008000; font-family: georgia, palatino, serif; font-size: 14px;\"><strong>Radfahren f\u00fcr Jung und Alt<\/strong><\/span><\/p>\n<p><span style=\"font-family: georgia, palatino, serif; font-size: 14px;\">Unsere Fahrr\u00e4der k\u00f6nnen f\u00fcr 1 Tag, mehrere Tage oder Wochen gemietet werden !<\/span><\/p>\n<table style=\"width: 438px; height: 249px;\">\n<tbody>\n<tr>\n<td><span style=\"font-family: georgia, palatino, serif; font-size: 14px;\"><strong>Damen-oder Herrenfahrrad<\/strong><\/span><\/td>\n<td style=\"text-align: left;\"><span style=\"font-family: georgia, palatino, serif; font-size: 14px;\"><strong>\u20ac\u00a0 \u00a09.50<\/strong><\/span><\/td>\n<td style=\"text-align: left;\"><span style=\"font-family: georgia, palatino, serif; font-size: 14px;\"><strong>pro Tag<\/strong><\/span><\/td>\n<\/tr>\n<tr>\n<td><span style=\"font-family: georgia, palatino, serif; font-size: 14px;\"><strong>Kinderfahrrad<\/strong><\/span><\/td>\n<td style=\"text-align: left;\"><span style=\"font-family: georgia, palatino, serif; font-size: 14px;\"><strong>\u20ac\u00a0 \u00a06.00<\/strong><\/span><\/td>\n<td style=\"text-align: left;\"><span style=\"font-family: georgia, palatino, serif; font-size: 14px;\"><strong>pro Tag<\/strong><\/span><\/td>\n<\/tr>\n<tr>\n<td><span style=\"font-family: georgia, palatino, serif; font-size: 14px;\"><strong>Elektro Fahrrad<\/strong><\/span><\/td>\n<td style=\"text-align: left;\"><span style=\"font-family: georgia, palatino, serif; font-size: 14px;\"><strong>\u20ac 23.50<\/strong><\/span><\/td>\n<td style=\"text-align: left;\"><span style=\"font-family: georgia, palatino, serif; font-size: 14px;\"><strong>pro Tag<\/strong><\/span><\/td>\n<\/tr>\n<tr>\n<td><span style=\"font-family: georgia, palatino, serif; font-size: 14px;\"><strong>Kindersitz, vorne und hinten<\/strong><\/span><\/td>\n<td style=\"text-align: left;\"><span style=\"font-family: georgia, palatino, serif; font-size: 14px;\"><strong>\u20ac\u00a0 \u00a03.50<\/strong><\/span><\/td>\n<td style=\"text-align: left;\"><span style=\"font-family: georgia, palatino, serif; font-size: 14px;\"><strong>pro Tag<\/strong><\/span><\/td>\n<\/tr>\n<tr>\n<td style=\"text-align: left;\"><span style=\"font-family: georgia, palatino, serif; font-size: 14px;\"><strong>Kidkar-Anh\u00e4nger<\/strong><\/span><\/td>\n<td style=\"text-align: left;\"><span style=\"font-family: georgia, palatino, serif; font-size: 14px;\"><strong>\u20ac\u00a0 \u00a08.00<\/strong><\/span><\/td>\n<td style=\"text-align: left;\"><span style=\"font-family: georgia, palatino, serif; font-size: 14px;\"><strong>pro Tag<\/strong><\/span><\/td>\n<\/tr>\n<tr>\n<td style=\"text-align: left;\"><span style=\"font-family: georgia, palatino, serif; font-size: 14px;\"><strong>Mountainbike<\/strong><\/span><\/td>\n<td style=\"text-align: left;\"><span style=\"font-family: georgia, palatino, serif; font-size: 14px;\"><strong>\u20ac 21.00<\/strong><\/span><\/td>\n<td style=\"text-align: left;\"><span style=\"font-family: georgia, palatino, serif; font-size: 14px;\"><strong>pro Tag<\/strong><\/span><\/td>\n<\/tr>\n<tr>\n<td><span style=\"font-family: georgia, palatino, serif; font-size: 14px;\"><strong>Fahrradhelm<\/strong><\/span><\/td>\n<td><span style=\"font-family: georgia, palatino, serif; font-size: 14px;\"><strong>\u20ac\u00a0 \u00a02.25<\/strong><\/span><\/td>\n<td><span style=\"font-family: georgia, palatino, serif; font-size: 14px;\"><strong>pro Tag<\/strong><\/span><\/td>\n<\/tr>\n<\/tbody>\n<\/table>\n<p><span style=\"font-family: georgia, palatino, serif;\"><a href=\"http:\/\/fietsenkanoverhuur.nl\/cms\/wp-content\/uploads\/2020\/08\/mountainbike-voor-website.jpg\"><img decoding=\"async\" src=\"http:\/\/fietsenkanoverhuur.nl\/cms\/wp-content\/uploads\/2020\/08\/mountainbike-voor-website-300x203.jpg\" alt=\"\" width=\"213\" height=\"144\" \/><\/a><\/span><\/p>\n<p><span style=\"font-family: georgia, palatino, serif; font-size: 14px;\">Wir haben mehrere Fahrradrouten die Sie durch wundersch\u00f6ne Natur f\u00fchren. s ist auch m\u00f6glich,<\/span><br \/>\n<span style=\"font-family: georgia, palatino, serif; font-size: 14px;\">die Fahrr\u00e4der vor Ort anliefern oder abholen zu lassen. (Preis auf Anfrage)<br \/>\n<\/span><span style=\"font-family: georgia, palatino, serif; font-size: 14px;\">Die Routen, die wir selbst zusammengestellt haben,<br \/>\nwerden Ihnen auf Anfrage kostenlos zur Verf\u00fcgung gestellt.<\/span><br \/>\n<span style=\"font-family: georgia, palatino, serif; font-size: 14px;\">Routen wie die Flamingo-Route werden von uns zum Selbstkostenpreis angeboten.<\/span><\/p>\n<p><span style=\"color: #008000; font-family: georgia, palatino, serif; font-size: 14px;\"><strong>Gruppenfahrrad<br \/>\n<\/strong><\/span><span style=\"font-family: georgia, palatino, serif; font-size: 14px;\">Wir vermieten Gruppenfahrr\u00e4der f\u00fcr 4 bis maximal 40 Personen.<\/span><br \/>\n<span style=\"font-family: georgia, palatino, serif; font-size: 14px;\">Es handelt sich um ein System, das paarweise an das Basisfahrrad angekoppelt werden kann.<\/span><br \/>\n<span style=\"font-family: georgia, palatino, serif; font-size: 14px;\">Die beste Kombination ist also eine gerade Anzahl von Personen, wobei jeder Mitfahrer seinen Teil beitr\u00e4gt.<br \/>\n<\/span><span style=\"font-family: georgia, palatino, serif; font-size: 14px;\">Nat\u00fcrlich k\u00f6nnen Sie das Gruppenfahrrad auch mit weniger Personen f\u00fcr einen Tagesteil nutzen.<\/span><br \/>\n<span style=\"font-family: georgia, palatino, serif; font-size: 14px;\">Nat\u00fcrlich gibt es auf dem Fahrrad auch Platz f\u00fcr einen gut gef\u00fcllten Proviantkorb.<br \/>\nWir haben mehrere Fahrradrouten, die Sie durch wundersch\u00f6ne Naturschutzgebiete f\u00fchren.<\/span><\/p>\n<p><span style=\"font-family: georgia, palatino, serif; font-size: 14px;\">Ein Gruppenfahrrad f\u00fcr 10 Personen k\u00f6nnen Sie f\u00fcr <strong>\u20ac 80,00<\/strong> pro Tagesteil mieten.<br \/>\n<\/span><span style=\"font-family: georgia, palatino, serif; font-size: 14px;\">Ein ganzer Tag kostet \u20ac<strong> 120,00.<br \/>\n<\/strong><\/span><span style=\"font-family: georgia, palatino, serif; font-size: 14px;\">Die Kosten betragen dann <strong>\u20ac 9,50<\/strong> p. P.<br \/>\n<\/span><\/p>\n<p><span style=\"font-family: georgia, palatino, serif;\"><strong><a href=\"http:\/\/fietsenkanoverhuur.nl\/cms\/wp-content\/uploads\/2015\/01\/groepsfiets3.jpg\"><img fetchpriority=\"high\" decoding=\"async\" src=\"http:\/\/fietsenkanoverhuur.nl\/cms\/wp-content\/uploads\/2015\/01\/groepsfiets3.jpg\" alt=\"\" width=\"320\" height=\"169\" \/><\/a><\/strong><\/span><\/p>\n<p><span style=\"font-family: georgia, palatino, serif; font-size: 14px;\">Die von uns ausgearbeiteten Routen werden Ihnen auf Anfrage kostenlos zur Verf\u00fcgung gestellt.<\/span><br \/>\n<span style=\"font-family: georgia, palatino, serif; font-size: 14px;\">Es ist auch m\u00f6glich, das Gruppenfahrrad an einen gew\u00fcnschten Ort bringen zu lassen (Preis auf Anfrage).<\/span><\/p>\n<p style=\"text-align: left;\"><span style=\"color: #008000; font-family: georgia, palatino, serif; font-size: 14px;\"><strong>Unsere Gruppenfahrr\u00e4der sind hervorragend geeignet f\u00fcr Familientage,<br \/>\nBetriebsfeiern oder Junggesellenabschiede!!!!<\/strong><\/span><\/p>\n","protected":false},"excerpt":{"rendered":"<p>Fahrradverleih Radfahren f\u00fcr Jung und Alt Unsere Fahrr\u00e4der k\u00f6nnen f\u00fcr 1 Tag, mehrere Tage oder Wochen gemietet werden ! Damen-oder Herrenfahrrad \u20ac\u00a0 \u00a09.50 pro Tag Kinderfahrrad \u20ac\u00a0 \u00a06.00 pro Tag Elektro Fahrrad \u20ac 23.50 pro Tag Kindersitz, vorne und hinten&#8230;<\/p>\n","protected":false},"author":1,"featured_media":0,"parent":0,"menu_order":0,"comment_status":"closed","ping_status":"closed","template":"","meta":{"footnotes":""},"class_list":["post-4543","page","type-page","status-publish","hentry"],"_links":{"self":[{"href":"https:\/\/fietsenkanoverhuur.nl\/de\/wp-json\/wp\/v2\/pages\/4543","targetHints":{"allow":["GET"]}}],"collection":[{"href":"https:\/\/fietsenkanoverhuur.nl\/de\/wp-json\/wp\/v2\/pages"}],"about":[{"href":"https:\/\/fietsenkanoverhuur.nl\/de\/wp-json\/wp\/v2\/types\/page"}],"author":[{"embeddable":true,"href":"https:\/\/fietsenkanoverhuur.nl\/de\/wp-json\/wp\/v2\/users\/1"}],"replies":[{"embeddable":true,"href":"https:\/\/fietsenkanoverhuur.nl\/de\/wp-json\/wp\/v2\/comments?post=4543"}],"version-history":[{"count":49,"href":"https:\/\/fietsenkanoverhuur.nl\/de\/wp-json\/wp\/v2\/pages\/4543\/revisions"}],"predecessor-version":[{"id":27020,"href":"https:\/\/fietsenkanoverhuur.nl\/de\/wp-json\/wp\/v2\/pages\/4543\/revisions\/27020"}],"wp:attachment":[{"href":"https:\/\/fietsenkanoverhuur.nl\/de\/wp-json\/wp\/v2\/media?parent=4543"}],"curies":[{"name":"wp","href":"https:\/\/api.w.org\/{rel}","templated":true}]}}