{"id":4545,"date":"2015-01-13T10:03:54","date_gmt":"2015-01-13T10:03:54","guid":{"rendered":"http:\/\/fietsenkanoverhuur.nl\/dev\/?page_id=4545"},"modified":"2025-02-03T14:28:51","modified_gmt":"2025-02-03T14:28:51","slug":"gruppenfahrrad","status":"publish","type":"page","link":"https:\/\/fietsenkanoverhuur.nl\/de\/gruppenfahrrad\/","title":{"rendered":"Gruppenfahrrad"},"content":{"rendered":"<p><span style=\"font-size: 18px;\"><span style=\"color: #008000;\"><span style=\"font-size: 24px;\"><strong>Gruppenfahrrad<\/strong><\/span><\/span><\/span><\/p>\n<p><span style=\"font-size: 14px;\">Das wird ein toller Ausflug!!!!<\/span><\/p>\n<p><span style=\"font-size: 14px;\">Wir vermieten Gruppenfahrr\u00e4der f\u00fcr 4 bis maximal 40 Personen.<br \/>\nEs handelt sich um ein System, das paarweise an das Basisfahrrad angekoppelt werden kann.<br \/>\nDie beste Kombination ist also eine gerade Anzahl von Personen, wobei jeder Mitfahrer seinen Teil beitr\u00e4gt.<br \/>\nNat\u00fcrlich gibt es auf dem Fahrrad auch Platz f\u00fcr einen gut gef\u00fcllten Proviantkorb.<\/span><\/p>\n<p>&nbsp;<\/p>\n<p><span style=\"font-size: 14px;\">Ein Gruppenfahrrad f\u00fcr 10 Personen k\u00f6nnen Sie f\u00fcr <strong>\u20ac 80,00<\/strong> pro Tagesteil mieten.<br \/>\n<\/span><span style=\"font-size: 14px;\">Ein ganzer Tag kostet <strong>\u20ac 120,00<\/strong><br \/>\n<\/span><span style=\"font-size: 14px;\">Wir haben Gruppenfahrr\u00e4der f\u00fcr bis zu 40 Personen.<br \/>\n<\/span><span style=\"font-size: 14px;\">Nat\u00fcrlich k\u00f6nnen Sie das Gruppenfahrrad auch mit weniger Personen f\u00fcr einen Tagesteil nutzen.<br \/>\n<\/span><span style=\"font-size: 14px;\">Die Kosten betragen dann <strong>\u20ac \u00a09,00<\/strong> p. P.<br \/>\n<\/span><span style=\"font-size: 14px;\">Wir haben mehrere Fahrradrouten, die Sie durch wundersch\u00f6ne Naturschutzgebiete f\u00fchren.<\/span><\/p>\n<p><strong><a href=\"http:\/\/fietsenkanoverhuur.nl\/cms\/wp-content\/uploads\/2015\/01\/groepsfiets3.jpg\"><img fetchpriority=\"high\" decoding=\"async\" class=\"wp-image-5206 aligncenter\" src=\"http:\/\/fietsenkanoverhuur.nl\/cms\/wp-content\/uploads\/2015\/01\/groepsfiets3.jpg\" alt=\"\" width=\"401\" height=\"212\" srcset=\"https:\/\/fietsenkanoverhuur.nl\/cms\/wp-content\/uploads\/2015\/01\/groepsfiets3.jpg 1314w, https:\/\/fietsenkanoverhuur.nl\/cms\/wp-content\/uploads\/2015\/01\/groepsfiets3-300x159.jpg 300w, https:\/\/fietsenkanoverhuur.nl\/cms\/wp-content\/uploads\/2015\/01\/groepsfiets3-1024x542.jpg 1024w\" sizes=\"(max-width: 401px) 100vw, 401px\" \/><\/a><\/strong><\/p>\n<p>&nbsp;<\/p>\n<p><span style=\"font-size: 14px;\">Die von uns ausgearbeiteten Routen werden Ihnen auf Anfrage kostenlos zur Verf\u00fcgung gestellt.<br \/>\n<\/span><span style=\"font-size: 14px;\">Es ist auch m\u00f6glich, das Gruppenfahrrad an einen gew\u00fcnschten Ort bringen zu lassen (Preis auf Anfrage).<\/span><\/p>\n<p style=\"text-align: left;\"><span style=\"font-size: 16px;\"><strong><span style=\"color: #008000;\"><span style=\"color: #008000;\">Unsere Gruppenfahrr\u00e4der sind hervorragend geeignet f\u00fcr Familientage, Betriebsfeiern oder Junggesellenabschiede!!!!<\/span><\/span><\/strong><\/span><\/p>\n","protected":false},"excerpt":{"rendered":"<p>Gruppenfahrrad Das wird ein toller Ausflug!!!! Wir vermieten Gruppenfahrr\u00e4der f\u00fcr 4 bis maximal 40 Personen. Es handelt sich um ein System, das paarweise an das Basisfahrrad angekoppelt werden kann. Die beste Kombination ist also eine gerade Anzahl von Personen, wobei&#8230;<\/p>\n","protected":false},"author":1,"featured_media":0,"parent":0,"menu_order":0,"comment_status":"closed","ping_status":"closed","template":"","meta":{"footnotes":""},"class_list":["post-4545","page","type-page","status-publish","hentry"],"_links":{"self":[{"href":"https:\/\/fietsenkanoverhuur.nl\/de\/wp-json\/wp\/v2\/pages\/4545","targetHints":{"allow":["GET"]}}],"collection":[{"href":"https:\/\/fietsenkanoverhuur.nl\/de\/wp-json\/wp\/v2\/pages"}],"about":[{"href":"https:\/\/fietsenkanoverhuur.nl\/de\/wp-json\/wp\/v2\/types\/page"}],"author":[{"embeddable":true,"href":"https:\/\/fietsenkanoverhuur.nl\/de\/wp-json\/wp\/v2\/users\/1"}],"replies":[{"embeddable":true,"href":"https:\/\/fietsenkanoverhuur.nl\/de\/wp-json\/wp\/v2\/comments?post=4545"}],"version-history":[{"count":10,"href":"https:\/\/fietsenkanoverhuur.nl\/de\/wp-json\/wp\/v2\/pages\/4545\/revisions"}],"predecessor-version":[{"id":22904,"href":"https:\/\/fietsenkanoverhuur.nl\/de\/wp-json\/wp\/v2\/pages\/4545\/revisions\/22904"}],"wp:attachment":[{"href":"https:\/\/fietsenkanoverhuur.nl\/de\/wp-json\/wp\/v2\/media?parent=4545"}],"curies":[{"name":"wp","href":"https:\/\/api.w.org\/{rel}","templated":true}]}}