{"id":4553,"date":"2015-01-13T10:06:43","date_gmt":"2015-01-13T10:06:43","guid":{"rendered":"http:\/\/fietsenkanoverhuur.nl\/dev\/?page_id=4553"},"modified":"2025-04-07T19:06:17","modified_gmt":"2025-04-07T19:06:17","slug":"ubernachten","status":"publish","type":"page","link":"https:\/\/fietsenkanoverhuur.nl\/de\/ubernachten\/","title":{"rendered":"Camping"},"content":{"rendered":"<p><span style=\"color: #339966; font-size: 18px;\"><strong>Camping<\/strong><\/span><\/p>\n<p><span style=\"color: #339966;\"><strong>Kommen\u00a0 Sie und entflien Sie dem Alltag!<\/strong><\/span><\/p>\n<p><span style=\"font-size: 14px;\">Bei uns k\u00f6nnen Sie mit max. 8 Erwachsenen (10 Kinder) in Sahara-Zelten \u00fcbernachten.<\/span><br \/>\n<span style=\"font-size: 14px;\">Die Zelte haben einen Holzboden, damit liegen Sie nicht auf dem kalten Boden.<\/span><br \/>\n<span style=\"font-size: 14px;\">Sie k\u00f6nnen auch Liegematten verwenden, falls dies erforderlich sein sollte.<\/span><br \/>\n<span style=\"font-size: 14px;\">Wenn Sie Ihre Mahlzeiten selbst zubereiten m\u00f6chten, k\u00f6nnen Sie bei uns einen Schwenkgrill mieten.<\/span><\/p>\n<p><span style=\"font-size: 14px;\">Die Kosten f\u00fcr die \u00dcbernachtung betragen <strong>\u20ac 17,50 p. P<\/strong>. pro Nacht.<\/span><br \/>\n<span style=\"font-size: 14px;\">Auch m\u00f6glich, Ihr eigenes Zelt oder Ihren eigenen<\/span><br \/>\n<span style=\"font-size: 14px;\">Wohnwagen aufzustellen.<\/span><br \/>\n<span style=\"font-size: 14px;\">Die Kosten <strong>\u20ac 15,00 p. P.<\/strong> pro Nacht.<\/span><br \/>\n<span style=\"font-size: 14px;\">Den Schwenkgrill k\u00f6nnen Sie f\u00fcr <strong>\u20ac 5,00 <\/strong>pro Tag mieten.<\/span><\/p>\n<p><a href=\"https:\/\/fietsenkanoverhuur.nl\/cms\/wp-content\/uploads\/2015\/01\/voor-website-1.jpg\"><img fetchpriority=\"high\" decoding=\"async\" src=\"https:\/\/fietsenkanoverhuur.nl\/cms\/wp-content\/uploads\/2015\/01\/voor-website-1-300x196.jpg\" alt=\"\" width=\"300\" height=\"196\" \/><\/a><\/p>\n<p>Schauen Sie sich auf unserer Website an,welche Aktivit\u00e4ten<br \/>\nmit \u00dcbernachtung kombiniert werden k\u00f6nnen.<\/p>\n","protected":false},"excerpt":{"rendered":"<p>Camping Kommen\u00a0 Sie und entflien Sie dem Alltag! Bei uns k\u00f6nnen Sie mit max. 8 Erwachsenen (10 Kinder) in Sahara-Zelten \u00fcbernachten. Die Zelte haben einen Holzboden, damit liegen Sie nicht auf dem kalten Boden. Sie k\u00f6nnen auch Liegematten verwenden, falls&#8230;<\/p>\n","protected":false},"author":1,"featured_media":0,"parent":0,"menu_order":0,"comment_status":"closed","ping_status":"closed","template":"","meta":{"footnotes":""},"class_list":["post-4553","page","type-page","status-publish","hentry"],"_links":{"self":[{"href":"https:\/\/fietsenkanoverhuur.nl\/de\/wp-json\/wp\/v2\/pages\/4553","targetHints":{"allow":["GET"]}}],"collection":[{"href":"https:\/\/fietsenkanoverhuur.nl\/de\/wp-json\/wp\/v2\/pages"}],"about":[{"href":"https:\/\/fietsenkanoverhuur.nl\/de\/wp-json\/wp\/v2\/types\/page"}],"author":[{"embeddable":true,"href":"https:\/\/fietsenkanoverhuur.nl\/de\/wp-json\/wp\/v2\/users\/1"}],"replies":[{"embeddable":true,"href":"https:\/\/fietsenkanoverhuur.nl\/de\/wp-json\/wp\/v2\/comments?post=4553"}],"version-history":[{"count":25,"href":"https:\/\/fietsenkanoverhuur.nl\/de\/wp-json\/wp\/v2\/pages\/4553\/revisions"}],"predecessor-version":[{"id":23635,"href":"https:\/\/fietsenkanoverhuur.nl\/de\/wp-json\/wp\/v2\/pages\/4553\/revisions\/23635"}],"wp:attachment":[{"href":"https:\/\/fietsenkanoverhuur.nl\/de\/wp-json\/wp\/v2\/media?parent=4553"}],"curies":[{"name":"wp","href":"https:\/\/api.w.org\/{rel}","templated":true}]}}