{"id":5726,"date":"2018-04-29T14:19:33","date_gmt":"2018-04-29T14:19:33","guid":{"rendered":"http:\/\/fietsenkanoverhuur.nl\/?page_id=5726"},"modified":"2025-04-07T19:22:01","modified_gmt":"2025-04-07T19:22:01","slug":"fahrrad-und-kanu-arrangements","status":"publish","type":"page","link":"https:\/\/fietsenkanoverhuur.nl\/de\/fahrrad-und-kanu-arrangements\/","title":{"rendered":"Fahrrad- und Kanu-Arrangements"},"content":{"rendered":"<p><span style=\"color: #008000;\"><strong><span style=\"font-family: arial,helvetica,sans-serif;\">Kanutour ab Vreden oder Ellewick<\/span><\/strong><\/span><\/p>\n<p><span style=\"font-size: 14px;\">Man kann mit dem eigenen Fahrrad zum Ausgangspunkt fahren.<br \/>\nSie k\u00f6nnen auch ein Gruppenfahrrad oder Fahrr\u00e4der mieten und dann zum Ausgangspunkt der Kanutour fahren.<br \/>\nDie Fahrradroute erhalten Sie von uns.<br \/>\n<\/span><span style=\"font-size: 14px;\">Wenn Sie am Kanu-Anlegesteg ankommen, k\u00f6nnen Sie direkt mit der Kanufahrt anfangen.<br \/>\nSie k\u00f6nnen einen Fahrradtransfer zu unserem Betrieb dazu buchen.<br \/>\n<\/span><span style=\"font-size: 14px;\">Nach der geplanten Tour oder auch vorher k\u00f6nnen Sie auf unserer Terrasse<br \/>\n<\/span><span style=\"font-size: 14px;\">verschiedene Getr\u00e4nke und Snacks von der Karte genie\u00dfen.<\/span><br \/>\n<span style=\"font-size: 14px;\">Wir k\u00f6nnen Ihnen auch ein k\u00f6stliches Barbecue oder ein komplettes Buffet anbieten,<br \/>\n<\/span><span style=\"font-size: 14px;\">daf\u00fcr k\u00f6nnen Sie eine \u00dcberdachung auf unserem Gel\u00e4nde mieten.<\/span><\/p>\n<p><span style=\"color: #008000; font-family: georgia, palatino, serif; font-size: 16px;\"><strong>Mehrt\u00e4gige Touren<br \/>\n<\/strong><\/span><span style=\"font-size: 14px;\">Die Berkel ist von unserem Betrieb bis zur Anlegestelle (der Berkelkade) im Hafen von Zutphen befahrbar.<br \/>\nDiese Touren beinhalten Transport und \u00dcbernachtung in den Sahara-Zelten auf unserem Gel\u00e4nde.<br \/>\nAuch ist es m\u00f6glich, ein eigenes Zelt oder einen eigenen Wohnwagen auf unserem Gel\u00e4nde aufzustellen.<\/span><\/p>\n<p>&nbsp;<\/p>\n<p><span style=\"font-size: 18px;\"><strong><span style=\"color: #008000; font-family: arial,helvetica,sans-serif;\">Die Berkel<br \/>\n<\/span><\/strong><\/span><span style=\"font-family: georgia, palatino, serif; font-size: 14px;\">Die Berkel ist ein kleiner Fluss, sie entspringt in der N\u00e4he von Billerbeck und passiert bei Rekken die deutsch-niederl\u00e4ndische Grenze.<br \/>\nDanach fliesst die Berkel durch Borculo, Lochem und Zutphen und m\u00fcndet in die Ijssel.<\/span><\/p>\n<p><a href=\"http:\/\/fietsenkanoverhuur.nl\/cms\/wp-content\/uploads\/2015\/01\/vaarroutebkopie.jpg\"><img fetchpriority=\"high\" decoding=\"async\" class=\"wp-image-5241 alignleft\" src=\"http:\/\/fietsenkanoverhuur.nl\/cms\/wp-content\/uploads\/2015\/01\/vaarroutebkopie.jpg\" alt=\"\" width=\"865\" height=\"232\" srcset=\"https:\/\/fietsenkanoverhuur.nl\/cms\/wp-content\/uploads\/2015\/01\/vaarroutebkopie.jpg 1649w, https:\/\/fietsenkanoverhuur.nl\/cms\/wp-content\/uploads\/2015\/01\/vaarroutebkopie-300x81.jpg 300w, https:\/\/fietsenkanoverhuur.nl\/cms\/wp-content\/uploads\/2015\/01\/vaarroutebkopie-1024x275.jpg 1024w\" sizes=\"(max-width: 865px) 100vw, 865px\" \/><\/a><\/p>\n<p>&nbsp;<\/p>\n<p>&nbsp;<\/p>\n<p>&nbsp;<\/p>\n<p>&nbsp;<\/p>\n<p>&nbsp;<\/p>\n<p>&nbsp;<\/p>\n<p>&nbsp;<\/p>\n<p><span style=\"font-size: 16px;\"><strong><span style=\"color: #008000;\">Preise der unterschiedlichen Arrangements nach Absprache!!!!<\/span><\/strong><\/span><\/p>\n<p>&nbsp;<\/p>\n","protected":false},"excerpt":{"rendered":"<p>Kanutour ab Vreden oder Ellewick Man kann mit dem eigenen Fahrrad zum Ausgangspunkt fahren. Sie k\u00f6nnen auch ein Gruppenfahrrad oder Fahrr\u00e4der mieten und dann zum Ausgangspunkt der Kanutour fahren. Die Fahrradroute erhalten Sie von uns. Wenn Sie am Kanu-Anlegesteg ankommen,&#8230;<\/p>\n","protected":false},"author":3,"featured_media":0,"parent":0,"menu_order":0,"comment_status":"closed","ping_status":"closed","template":"","meta":{"footnotes":""},"class_list":["post-5726","page","type-page","status-publish","hentry"],"_links":{"self":[{"href":"https:\/\/fietsenkanoverhuur.nl\/de\/wp-json\/wp\/v2\/pages\/5726","targetHints":{"allow":["GET"]}}],"collection":[{"href":"https:\/\/fietsenkanoverhuur.nl\/de\/wp-json\/wp\/v2\/pages"}],"about":[{"href":"https:\/\/fietsenkanoverhuur.nl\/de\/wp-json\/wp\/v2\/types\/page"}],"author":[{"embeddable":true,"href":"https:\/\/fietsenkanoverhuur.nl\/de\/wp-json\/wp\/v2\/users\/3"}],"replies":[{"embeddable":true,"href":"https:\/\/fietsenkanoverhuur.nl\/de\/wp-json\/wp\/v2\/comments?post=5726"}],"version-history":[{"count":18,"href":"https:\/\/fietsenkanoverhuur.nl\/de\/wp-json\/wp\/v2\/pages\/5726\/revisions"}],"predecessor-version":[{"id":23636,"href":"https:\/\/fietsenkanoverhuur.nl\/de\/wp-json\/wp\/v2\/pages\/5726\/revisions\/23636"}],"wp:attachment":[{"href":"https:\/\/fietsenkanoverhuur.nl\/de\/wp-json\/wp\/v2\/media?parent=5726"}],"curies":[{"name":"wp","href":"https:\/\/api.w.org\/{rel}","templated":true}]}}